{"id":6618,"date":"2023-05-31T22:03:22","date_gmt":"2023-05-31T20:03:22","guid":{"rendered":"https:\/\/lamaisonvague.com\/general-terms-and-conditions-of-sale\/"},"modified":"2024-02-10T10:20:01","modified_gmt":"2024-02-10T09:20:01","slug":"general-terms-and-conditions-of-sale","status":"publish","type":"page","link":"https:\/\/lamaisonvague.com\/en\/general-terms-and-conditions-of-sale\/","title":{"rendered":"General terms and conditions of sale"},"content":{"rendered":"[vc_row type=&#8221;in_container&#8221; full_screen_row_position=&#8221;middle&#8221; column_margin=&#8221;default&#8221; column_direction=&#8221;default&#8221; column_direction_tablet=&#8221;default&#8221; column_direction_phone=&#8221;default&#8221; scene_position=&#8221;center&#8221; text_color=&#8221;dark&#8221; text_align=&#8221;left&#8221; row_border_radius=&#8221;none&#8221; row_border_radius_applies=&#8221;bg&#8221; overflow=&#8221;visible&#8221; overlay_strength=&#8221;0.3&#8243; gradient_direction=&#8221;left_to_right&#8221; shape_divider_position=&#8221;bottom&#8221; bg_image_animation=&#8221;none&#8221;][vc_column column_padding=&#8221;no-extra-padding&#8221; column_padding_tablet=&#8221;inherit&#8221; column_padding_phone=&#8221;inherit&#8221; column_padding_position=&#8221;all&#8221; column_element_direction_desktop=&#8221;default&#8221; column_element_spacing=&#8221;default&#8221; desktop_text_alignment=&#8221;default&#8221; tablet_text_alignment=&#8221;default&#8221; phone_text_alignment=&#8221;default&#8221; background_color_opacity=&#8221;1&#8243; background_hover_color_opacity=&#8221;1&#8243; column_backdrop_filter=&#8221;none&#8221; column_shadow=&#8221;none&#8221; column_border_radius=&#8221;none&#8221; column_link_target=&#8221;_self&#8221; column_position=&#8221;default&#8221; gradient_direction=&#8221;left_to_right&#8221; overlay_strength=&#8221;0.3&#8243; width=&#8221;1\/1&#8243; tablet_width_inherit=&#8221;default&#8221; animation_type=&#8221;default&#8221; bg_image_animation=&#8221;none&#8221; border_type=&#8221;simple&#8221; column_border_width=&#8221;none&#8221; column_border_style=&#8221;solid&#8221;][vc_column_text]\n<h2 style=\"text-align: center;\">GENERAL TERMS AND CONDITIONS<\/h2>\n<p>&nbsp;<\/p>\n<p>The purpose of these conditions is to inform our customers about the terms and conditions of accommodation, reservations, cancellations, the responsibilities of the parties and the management of the data we collect in the course of our business.<br \/>\nThe present conditions of sale may be modified at any time without prior notice. The information on this official website takes precedence over all information published by our partners, including booking and cancellation policies.<\/p>\n<p><strong>Acceptance of these terms and conditions<\/strong><\/p>\n<p>Payment of the deposit implies acceptance of these General Terms and Conditions of Sale (GTCS) and your consent to the use of the personal data you provide.<br \/>\nWe are committed to preserving your privacy and protecting the confidentiality of any personal information you have provided to us. These are not shared and are only used for administrative and practical purposes for your stay (see below RGPD).<\/p>\n<p><strong>Rates<\/strong><\/p>\n<p>All prices are in euros (\u20ac) and include VAT, but exclude tourist tax. These are the prices for bookings made directly with La Maison Vague without an intermediary. Prices are per room, per night, for up to two people, for the chosen period.<br \/>\nOur rates and offers are subject to availability at the time of booking and may not be renewed for subsequent bookings. Conditions, rates and offers are subject to change without notice.<br \/>\nAs the ambiances of the house change frequently, the photos available on this site and on social networks are non-contractual.<\/p>\n<p><strong>Tourist taxes<\/strong><\/p>\n<p>Tourist taxes are local taxes that customers must pay to the owners, who then pay them to the city of Marseille.<br \/>\nIn accordance with article L 2333-29 et seq. of the Code G\u00e9n\u00e9ral des Collectivit\u00e9s Territoriales, the tourist tax is payable per night (per night per person), from January 1 to December 31 inclusive.<br \/>\nRates have been set for 2023 at \u20ac1.09 per night per person. Minor children are exempt.<\/p>\n<p><strong>Length of stay<\/strong><\/p>\n<p>The stay is agreed for a fixed period, specified in the written confirmation sent to the customer. Under no circumstances may the customer claim any right to remain in the premises.<\/p>\n<p><strong>Reservation cancellation by La Maison Vague<\/strong><\/p>\n<p>In the event of cancellation by the owner, the latter will refund the sums collected to the tenant.<\/p>\n<p><strong>Insurance<\/strong><\/p>\n<p>The hirer certifies that he\/she is covered by an insurance policy covering his\/her own liability.<br \/>\nLa Maison Vague certifies that it is covered by insurance for professional liability arising from its bed and breakfast activity.[\/vc_column_text][\/vc_column][\/vc_row]\n","protected":false},"excerpt":{"rendered":"<p>[vc_row type=&#8221;in_container&#8221; full_screen_row_position=&#8221;middle&#8221; column_margin=&#8221;default&#8221; column_direction=&#8221;default&#8221; column_direction_tablet=&#8221;default&#8221; column_direction_phone=&#8221;default&#8221; scene_position=&#8221;center&#8221; text_color=&#8221;dark&#8221; text_align=&#8221;left&#8221; row_border_radius=&#8221;none&#8221; row_border_radius_applies=&#8221;bg&#8221; overflow=&#8221;visible&#8221; overlay_strength=&#8221;0.3&#8243; gradient_direction=&#8221;left_to_right&#8221; shape_divider_position=&#8221;bottom&#8221; bg_image_animation=&#8221;none&#8221;][vc_column column_padding=&#8221;no-extra-padding&#8221; column_padding_tablet=&#8221;inherit&#8221; column_padding_phone=&#8221;inherit&#8221; column_padding_position=&#8221;all&#8221; column_element_direction_desktop=&#8221;default&#8221; column_element_spacing=&#8221;default&#8221; desktop_text_alignment=&#8221;default&#8221; tablet_text_alignment=&#8221;default&#8221; phone_text_alignment=&#8221;default&#8221; background_color_opacity=&#8221;1&#8243; background_hover_color_opacity=&#8221;1&#8243; column_backdrop_filter=&#8221;none&#8221; column_shadow=&#8221;none&#8221;&#8230;<\/p>\n","protected":false},"author":1,"featured_media":0,"parent":0,"menu_order":0,"comment_status":"closed","ping_status":"closed","template":"","meta":{"footnotes":""},"class_list":["post-6618","page","type-page","status-publish"],"yoast_head":"<!-- This site is optimized with the Yoast SEO plugin v26.7 - https:\/\/yoast.com\/wordpress\/plugins\/seo\/ -->\n<title>General terms and conditions of sale - La Maison Vague<\/title>\n<meta name=\"robots\" content=\"index, follow, max-snippet:-1, max-image-preview:large, max-video-preview:-1\" \/>\n<link rel=\"canonical\" href=\"https:\/\/lamaisonvague.com\/en\/general-terms-and-conditions-of-sale\/\" \/>\n<meta property=\"og:locale\" content=\"en_US\" \/>\n<meta property=\"og:type\" content=\"article\" \/>\n<meta property=\"og:title\" content=\"General terms and conditions of sale - La Maison Vague\" \/>\n<meta property=\"og:description\" content=\"[vc_row type=&#8221;in_container&#8221; full_screen_row_position=&#8221;middle&#8221; column_margin=&#8221;default&#8221; column_direction=&#8221;default&#8221; column_direction_tablet=&#8221;default&#8221; column_direction_phone=&#8221;default&#8221; scene_position=&#8221;center&#8221; text_color=&#8221;dark&#8221; text_align=&#8221;left&#8221; row_border_radius=&#8221;none&#8221; row_border_radius_applies=&#8221;bg&#8221; overflow=&#8221;visible&#8221; overlay_strength=&#8221;0.3&#8243; gradient_direction=&#8221;left_to_right&#8221; shape_divider_position=&#8221;bottom&#8221; bg_image_animation=&#8221;none&#8221;][vc_column column_padding=&#8221;no-extra-padding&#8221; column_padding_tablet=&#8221;inherit&#8221; column_padding_phone=&#8221;inherit&#8221; column_padding_position=&#8221;all&#8221; column_element_direction_desktop=&#8221;default&#8221; column_element_spacing=&#8221;default&#8221; desktop_text_alignment=&#8221;default&#8221; tablet_text_alignment=&#8221;default&#8221; phone_text_alignment=&#8221;default&#8221; background_color_opacity=&#8221;1&#8243; background_hover_color_opacity=&#8221;1&#8243; column_backdrop_filter=&#8221;none&#8221; column_shadow=&#8221;none&#8221;...\" \/>\n<meta property=\"og:url\" content=\"https:\/\/lamaisonvague.com\/en\/general-terms-and-conditions-of-sale\/\" \/>\n<meta property=\"og:site_name\" content=\"La Maison Vague\" \/>\n<meta property=\"article:modified_time\" content=\"2024-02-10T09:20:01+00:00\" \/>\n<meta name=\"twitter:card\" content=\"summary_large_image\" \/>\n<meta name=\"twitter:label1\" content=\"Est. reading time\" \/>\n\t<meta name=\"twitter:data1\" content=\"3 minutes\" \/>\n<script type=\"application\/ld+json\" class=\"yoast-schema-graph\">{\"@context\":\"https:\/\/schema.org\",\"@graph\":[{\"@type\":\"WebPage\",\"@id\":\"https:\/\/lamaisonvague.com\/en\/general-terms-and-conditions-of-sale\/\",\"url\":\"https:\/\/lamaisonvague.com\/en\/general-terms-and-conditions-of-sale\/\",\"name\":\"General terms and conditions of sale - La Maison Vague\",\"isPartOf\":{\"@id\":\"https:\/\/lamaisonvague.com\/en\/#website\"},\"datePublished\":\"2023-05-31T20:03:22+00:00\",\"dateModified\":\"2024-02-10T09:20:01+00:00\",\"inLanguage\":\"en-US\",\"potentialAction\":[{\"@type\":\"ReadAction\",\"target\":[\"https:\/\/lamaisonvague.com\/en\/general-terms-and-conditions-of-sale\/\"]}]},{\"@type\":\"WebSite\",\"@id\":\"https:\/\/lamaisonvague.com\/en\/#website\",\"url\":\"https:\/\/lamaisonvague.com\/en\/\",\"name\":\"La Maison Vague\",\"description\":\"Chambre d&#039;h\u00f4tes \u00e0 Marseille\",\"publisher\":{\"@id\":\"https:\/\/lamaisonvague.com\/en\/#\/schema\/person\/9683162879babbc67c39c8d4ae105ab4\"},\"potentialAction\":[{\"@type\":\"SearchAction\",\"target\":{\"@type\":\"EntryPoint\",\"urlTemplate\":\"https:\/\/lamaisonvague.com\/en\/?s={search_term_string}\"},\"query-input\":{\"@type\":\"PropertyValueSpecification\",\"valueRequired\":true,\"valueName\":\"search_term_string\"}}],\"inLanguage\":\"en-US\"},{\"@type\":[\"Person\",\"Organization\"],\"@id\":\"https:\/\/lamaisonvague.com\/en\/#\/schema\/person\/9683162879babbc67c39c8d4ae105ab4\",\"name\":\"admin2896\",\"image\":{\"@type\":\"ImageObject\",\"inLanguage\":\"en-US\",\"@id\":\"https:\/\/lamaisonvague.com\/en\/#\/schema\/person\/image\/\",\"url\":\"https:\/\/lamaisonvague.com\/wp-content\/uploads\/2023\/05\/pastille-fond-bleu.png\",\"contentUrl\":\"https:\/\/lamaisonvague.com\/wp-content\/uploads\/2023\/05\/pastille-fond-bleu.png\",\"width\":1755,\"height\":1754,\"caption\":\"admin2896\"},\"logo\":{\"@id\":\"https:\/\/lamaisonvague.com\/en\/#\/schema\/person\/image\/\"},\"sameAs\":[\"https:\/\/lamaisonvague.com\",\"https:\/\/instagram.com\/lamaisonvague?igshid=NTc4MTIwNjQ2YQ==\"]}]}<\/script>\n<!-- \/ Yoast SEO plugin. -->","yoast_head_json":{"title":"General terms and conditions of sale - La Maison Vague","robots":{"index":"index","follow":"follow","max-snippet":"max-snippet:-1","max-image-preview":"max-image-preview:large","max-video-preview":"max-video-preview:-1"},"canonical":"https:\/\/lamaisonvague.com\/en\/general-terms-and-conditions-of-sale\/","og_locale":"en_US","og_type":"article","og_title":"General terms and conditions of sale - La Maison Vague","og_description":"[vc_row type=&#8221;in_container&#8221; full_screen_row_position=&#8221;middle&#8221; column_margin=&#8221;default&#8221; column_direction=&#8221;default&#8221; column_direction_tablet=&#8221;default&#8221; column_direction_phone=&#8221;default&#8221; scene_position=&#8221;center&#8221; text_color=&#8221;dark&#8221; text_align=&#8221;left&#8221; row_border_radius=&#8221;none&#8221; row_border_radius_applies=&#8221;bg&#8221; overflow=&#8221;visible&#8221; overlay_strength=&#8221;0.3&#8243; gradient_direction=&#8221;left_to_right&#8221; shape_divider_position=&#8221;bottom&#8221; bg_image_animation=&#8221;none&#8221;][vc_column column_padding=&#8221;no-extra-padding&#8221; column_padding_tablet=&#8221;inherit&#8221; column_padding_phone=&#8221;inherit&#8221; column_padding_position=&#8221;all&#8221; column_element_direction_desktop=&#8221;default&#8221; column_element_spacing=&#8221;default&#8221; desktop_text_alignment=&#8221;default&#8221; tablet_text_alignment=&#8221;default&#8221; phone_text_alignment=&#8221;default&#8221; background_color_opacity=&#8221;1&#8243; background_hover_color_opacity=&#8221;1&#8243; column_backdrop_filter=&#8221;none&#8221; column_shadow=&#8221;none&#8221;...","og_url":"https:\/\/lamaisonvague.com\/en\/general-terms-and-conditions-of-sale\/","og_site_name":"La Maison Vague","article_modified_time":"2024-02-10T09:20:01+00:00","twitter_card":"summary_large_image","twitter_misc":{"Est. reading time":"3 minutes"},"schema":{"@context":"https:\/\/schema.org","@graph":[{"@type":"WebPage","@id":"https:\/\/lamaisonvague.com\/en\/general-terms-and-conditions-of-sale\/","url":"https:\/\/lamaisonvague.com\/en\/general-terms-and-conditions-of-sale\/","name":"General terms and conditions of sale - La Maison Vague","isPartOf":{"@id":"https:\/\/lamaisonvague.com\/en\/#website"},"datePublished":"2023-05-31T20:03:22+00:00","dateModified":"2024-02-10T09:20:01+00:00","inLanguage":"en-US","potentialAction":[{"@type":"ReadAction","target":["https:\/\/lamaisonvague.com\/en\/general-terms-and-conditions-of-sale\/"]}]},{"@type":"WebSite","@id":"https:\/\/lamaisonvague.com\/en\/#website","url":"https:\/\/lamaisonvague.com\/en\/","name":"La Maison Vague","description":"Chambre d&#039;h\u00f4tes \u00e0 Marseille","publisher":{"@id":"https:\/\/lamaisonvague.com\/en\/#\/schema\/person\/9683162879babbc67c39c8d4ae105ab4"},"potentialAction":[{"@type":"SearchAction","target":{"@type":"EntryPoint","urlTemplate":"https:\/\/lamaisonvague.com\/en\/?s={search_term_string}"},"query-input":{"@type":"PropertyValueSpecification","valueRequired":true,"valueName":"search_term_string"}}],"inLanguage":"en-US"},{"@type":["Person","Organization"],"@id":"https:\/\/lamaisonvague.com\/en\/#\/schema\/person\/9683162879babbc67c39c8d4ae105ab4","name":"admin2896","image":{"@type":"ImageObject","inLanguage":"en-US","@id":"https:\/\/lamaisonvague.com\/en\/#\/schema\/person\/image\/","url":"https:\/\/lamaisonvague.com\/wp-content\/uploads\/2023\/05\/pastille-fond-bleu.png","contentUrl":"https:\/\/lamaisonvague.com\/wp-content\/uploads\/2023\/05\/pastille-fond-bleu.png","width":1755,"height":1754,"caption":"admin2896"},"logo":{"@id":"https:\/\/lamaisonvague.com\/en\/#\/schema\/person\/image\/"},"sameAs":["https:\/\/lamaisonvague.com","https:\/\/instagram.com\/lamaisonvague?igshid=NTc4MTIwNjQ2YQ=="]}]}},"_links":{"self":[{"href":"https:\/\/lamaisonvague.com\/en\/wp-json\/wp\/v2\/pages\/6618","targetHints":{"allow":["GET"]}}],"collection":[{"href":"https:\/\/lamaisonvague.com\/en\/wp-json\/wp\/v2\/pages"}],"about":[{"href":"https:\/\/lamaisonvague.com\/en\/wp-json\/wp\/v2\/types\/page"}],"author":[{"embeddable":true,"href":"https:\/\/lamaisonvague.com\/en\/wp-json\/wp\/v2\/users\/1"}],"replies":[{"embeddable":true,"href":"https:\/\/lamaisonvague.com\/en\/wp-json\/wp\/v2\/comments?post=6618"}],"version-history":[{"count":9,"href":"https:\/\/lamaisonvague.com\/en\/wp-json\/wp\/v2\/pages\/6618\/revisions"}],"predecessor-version":[{"id":6827,"href":"https:\/\/lamaisonvague.com\/en\/wp-json\/wp\/v2\/pages\/6618\/revisions\/6827"}],"wp:attachment":[{"href":"https:\/\/lamaisonvague.com\/en\/wp-json\/wp\/v2\/media?parent=6618"}],"curies":[{"name":"wp","href":"https:\/\/api.w.org\/{rel}","templated":true}]}}